{"id":980,"date":"2025-10-15T07:35:34","date_gmt":"2025-10-15T07:35:34","guid":{"rendered":"https:\/\/edition-ukraine.de\/versandarten\/"},"modified":"2025-10-16T12:08:14","modified_gmt":"2025-10-16T12:08:14","slug":"versandarten","status":"publish","type":"page","link":"https:\/\/edition-ukraine.de\/uk\/versandarten\/","title":{"rendered":"Versand"},"content":{"rendered":"<p><strong>Preise, Versandkosten und Lieferinformationen<\/strong><\/p>\n\n\n\n<p>Wir liefern derzeit nur innerhalb Deutschlands.<\/p>\n\n\n\n<p>Zus\u00e4tzlich zu den angegebenen Preisen berechnen wir f\u00fcr die Lieferung innerhalb Deutschlands pauschal 3,80 Euro pro Bestellung. Die Versandkosten werden Ihnen im Warenkorbsystem und auf der Bestellseite nochmals deutlich mitgeteilt.<\/p>\n\n\n\n<p>Unsere B\u00fccher werden als B\u00fccher- und Warensendung verschickt.<\/p>\n\n\n\n<p>F\u00fcr digitale Inhalte (E-Books, Audiobooks, etc.) fallen keine Versandkosten an.<\/p>","protected":false},"excerpt":{"rendered":"<p>Preise, Versandkosten und Lieferinformationen Wir liefern derzeit nur innerhalb Deutschlands. Zus\u00e4tzlich zu den angegebenen Preisen berechnen wir f\u00fcr die Lieferung innerhalb Deutschlands pauschal 3,80 Euro pro Bestellung. Die Versandkosten werden&#8230;<\/p>","protected":false},"author":1,"featured_media":0,"parent":0,"menu_order":0,"comment_status":"closed","ping_status":"closed","template":"","meta":{"footnotes":""},"class_list":["post-980","page","type-page","status-publish","hentry"],"yoast_head":"<!-- This site is optimized with the Yoast SEO plugin v27.2 - https:\/\/yoast.com\/product\/yoast-seo-wordpress\/ -->\n<title>Versand - edition d&#039;Ukra\u00efne<\/title>\n<meta name=\"robots\" content=\"index, follow, max-snippet:-1, max-image-preview:large, max-video-preview:-1\" \/>\n<link rel=\"canonical\" href=\"https:\/\/edition-ukraine.de\/uk\/versandarten\/\" \/>\n<meta property=\"og:locale\" content=\"uk_UA\" \/>\n<meta property=\"og:type\" content=\"article\" \/>\n<meta property=\"og:title\" content=\"Versand - edition d&#039;Ukra\u00efne\" \/>\n<meta property=\"og:description\" content=\"Preise, Versandkosten und Lieferinformationen Wir liefern derzeit nur innerhalb Deutschlands. Zus\u00e4tzlich zu den angegebenen Preisen berechnen wir f\u00fcr die Lieferung innerhalb Deutschlands pauschal 3,80 Euro pro Bestellung. Die Versandkosten werden...\" \/>\n<meta property=\"og:url\" content=\"https:\/\/edition-ukraine.de\/uk\/versandarten\/\" \/>\n<meta property=\"og:site_name\" content=\"edition d&#039;Ukra\u00efne\" \/>\n<meta property=\"article:modified_time\" content=\"2025-10-16T12:08:14+00:00\" \/>\n<meta name=\"twitter:card\" content=\"summary_large_image\" \/>\n<meta name=\"twitter:label1\" content=\"\u041f\u0440\u0438\u0431\u043b. \u0447\u0430\u0441 \u0447\u0438\u0442\u0430\u043d\u043d\u044f\" \/>\n\t<meta name=\"twitter:data1\" content=\"1 \u0445\u0432\u0438\u043b\u0438\u043d\u0430\" \/>\n<script type=\"application\/ld+json\" class=\"yoast-schema-graph\">{\"@context\":\"https:\/\/schema.org\",\"@graph\":[{\"@type\":\"WebPage\",\"@id\":\"https:\/\/edition-ukraine.de\/versandarten\/\",\"url\":\"https:\/\/edition-ukraine.de\/versandarten\/\",\"name\":\"Versand - edition d&#039;Ukra\u00efne\",\"isPartOf\":{\"@id\":\"https:\/\/edition-ukraine.de\/#website\"},\"datePublished\":\"2025-10-15T07:35:34+00:00\",\"dateModified\":\"2025-10-16T12:08:14+00:00\",\"breadcrumb\":{\"@id\":\"https:\/\/edition-ukraine.de\/versandarten\/#breadcrumb\"},\"inLanguage\":\"uk\",\"potentialAction\":[{\"@type\":\"ReadAction\",\"target\":[\"https:\/\/edition-ukraine.de\/versandarten\/\"]}]},{\"@type\":\"BreadcrumbList\",\"@id\":\"https:\/\/edition-ukraine.de\/versandarten\/#breadcrumb\",\"itemListElement\":[{\"@type\":\"ListItem\",\"position\":1,\"name\":\"Startseite\",\"item\":\"https:\/\/edition-ukraine.de\/\"},{\"@type\":\"ListItem\",\"position\":2,\"name\":\"Versand\"}]},{\"@type\":\"WebSite\",\"@id\":\"https:\/\/edition-ukraine.de\/#website\",\"url\":\"https:\/\/edition-ukraine.de\/\",\"name\":\"edition d'Ukra\u00efne\",\"description\":\"Verlag f\u00fcr klassische ukrainische Literatur\",\"potentialAction\":[{\"@type\":\"SearchAction\",\"target\":{\"@type\":\"EntryPoint\",\"urlTemplate\":\"https:\/\/edition-ukraine.de\/?s={search_term_string}\"},\"query-input\":{\"@type\":\"PropertyValueSpecification\",\"valueRequired\":true,\"valueName\":\"search_term_string\"}}],\"inLanguage\":\"uk\"}]}<\/script>\n<!-- \/ Yoast SEO plugin. -->","yoast_head_json":{"title":"Versand - edition d&#039;Ukra\u00efne","robots":{"index":"index","follow":"follow","max-snippet":"max-snippet:-1","max-image-preview":"max-image-preview:large","max-video-preview":"max-video-preview:-1"},"canonical":"https:\/\/edition-ukraine.de\/uk\/versandarten\/","og_locale":"uk_UA","og_type":"article","og_title":"Versand - edition d&#039;Ukra\u00efne","og_description":"Preise, Versandkosten und Lieferinformationen Wir liefern derzeit nur innerhalb Deutschlands. Zus\u00e4tzlich zu den angegebenen Preisen berechnen wir f\u00fcr die Lieferung innerhalb Deutschlands pauschal 3,80 Euro pro Bestellung. Die Versandkosten werden...","og_url":"https:\/\/edition-ukraine.de\/uk\/versandarten\/","og_site_name":"edition d&#039;Ukra\u00efne","article_modified_time":"2025-10-16T12:08:14+00:00","twitter_card":"summary_large_image","twitter_misc":{"\u041f\u0440\u0438\u0431\u043b. \u0447\u0430\u0441 \u0447\u0438\u0442\u0430\u043d\u043d\u044f":"1 \u0445\u0432\u0438\u043b\u0438\u043d\u0430"},"schema":{"@context":"https:\/\/schema.org","@graph":[{"@type":"WebPage","@id":"https:\/\/edition-ukraine.de\/versandarten\/","url":"https:\/\/edition-ukraine.de\/versandarten\/","name":"Versand - edition d&#039;Ukra\u00efne","isPartOf":{"@id":"https:\/\/edition-ukraine.de\/#website"},"datePublished":"2025-10-15T07:35:34+00:00","dateModified":"2025-10-16T12:08:14+00:00","breadcrumb":{"@id":"https:\/\/edition-ukraine.de\/versandarten\/#breadcrumb"},"inLanguage":"uk","potentialAction":[{"@type":"ReadAction","target":["https:\/\/edition-ukraine.de\/versandarten\/"]}]},{"@type":"BreadcrumbList","@id":"https:\/\/edition-ukraine.de\/versandarten\/#breadcrumb","itemListElement":[{"@type":"ListItem","position":1,"name":"Startseite","item":"https:\/\/edition-ukraine.de\/"},{"@type":"ListItem","position":2,"name":"Versand"}]},{"@type":"WebSite","@id":"https:\/\/edition-ukraine.de\/#website","url":"https:\/\/edition-ukraine.de\/","name":"edition d'Ukra\u00efne","description":"Verlag f\u00fcr klassische ukrainische Literatur","potentialAction":[{"@type":"SearchAction","target":{"@type":"EntryPoint","urlTemplate":"https:\/\/edition-ukraine.de\/?s={search_term_string}"},"query-input":{"@type":"PropertyValueSpecification","valueRequired":true,"valueName":"search_term_string"}}],"inLanguage":"uk"}]}},"_links":{"self":[{"href":"https:\/\/edition-ukraine.de\/uk\/wp-json\/wp\/v2\/pages\/980","targetHints":{"allow":["GET"]}}],"collection":[{"href":"https:\/\/edition-ukraine.de\/uk\/wp-json\/wp\/v2\/pages"}],"about":[{"href":"https:\/\/edition-ukraine.de\/uk\/wp-json\/wp\/v2\/types\/page"}],"author":[{"embeddable":true,"href":"https:\/\/edition-ukraine.de\/uk\/wp-json\/wp\/v2\/users\/1"}],"replies":[{"embeddable":true,"href":"https:\/\/edition-ukraine.de\/uk\/wp-json\/wp\/v2\/comments?post=980"}],"version-history":[{"count":1,"href":"https:\/\/edition-ukraine.de\/uk\/wp-json\/wp\/v2\/pages\/980\/revisions"}],"predecessor-version":[{"id":1006,"href":"https:\/\/edition-ukraine.de\/uk\/wp-json\/wp\/v2\/pages\/980\/revisions\/1006"}],"wp:attachment":[{"href":"https:\/\/edition-ukraine.de\/uk\/wp-json\/wp\/v2\/media?parent=980"}],"curies":[{"name":"wp","href":"https:\/\/api.w.org\/{rel}","templated":true}]}}