{"id":788,"date":"2025-06-30T13:03:29","date_gmt":"2025-06-30T13:03:29","guid":{"rendered":"https:\/\/edition-ukraine.de\/zahlungsweisen\/"},"modified":"2025-07-01T09:46:11","modified_gmt":"2025-07-01T09:46:11","slug":"zahlungsweisen","status":"publish","type":"page","link":"https:\/\/edition-ukraine.de\/uk\/zahlungsweisen\/","title":{"rendered":"Zahlungsweisen"},"content":{"rendered":"<p><strong>Zahlungsarten<\/strong><\/p>\n<p>Wir bieten Ihnen folgende Zahlungsarten an. Suchen Sie sich einfach die f\u00fcr Sie optimale Zahlart aus. Die in den jeweiligen Angeboten angef\u00fchrten Preise stellen Endpreise dar. Sie beinhalten alle Preisbestandteile einschlie\u00dflich etwaig anfallender Steuern wie Mehrwertsteuer. \u00a0Die anfallenden Liefer- und Versandkosten sind nicht im Kaufpreis enthalten, sie sind \u00fcber die Seite \u201eVersandkosten\u201c aufrufbar, werden im Laufe des Bestellvorganges gesondert ausgewiesen und sind von Ihnen zus\u00e4tzlich zu tragen.<\/p>\n<p>Kreditkarte (Visa, Mastercard, American Express)<\/p>\n<p>Zahlen Sie sicher und einfach per Kreditkarte. Die Belastung Ihres Kreditkartenkontos erfolgt mit Abschluss der Bestellung.<\/p>\n<p>Apple Pay<\/p>\n<p>Wenn Sie Apple Pay auf Ihrem Ger\u00e4t eingerichtet haben, k\u00f6nnen Sie bequem und sicher \u00fcber Ihr Apple-Ger\u00e4t bezahlen. Apple Pay nutzt die in Ihrer Wallet hinterlegten Zahlungsdaten. Die Zahlungsfreigabe erfolgt \u00fcber Face ID, Touch ID oder Ihren Ger\u00e4tecode.<\/p>\n<p>Google Pay<\/p>\n<p>Zahlen Sie schnell und sicher mit Google Pay \u2013 nutzen Sie die in Ihrem Google-Konto hinterlegten Zahlungsinformationen. Die Zahlung erfolgt direkt \u00fcber das Ger\u00e4t, das Google Pay unterst\u00fctzt.<\/p>\n<p>Sicherheit Ihrer Zahlung<\/p>\n<p>Die Verarbeitung Ihrer Zahlungsdaten erfolgt \u00fcber gesicherte SSL-Verbindungen und zertifizierte Zahlungsdienstleister. Ihre Daten werden ausschlie\u00dflich zum Zweck der Zahlungsabwicklung verwendet und nicht an Dritte weitergegeben.<\/p>","protected":false},"excerpt":{"rendered":"<p>Zahlungsarten Wir bieten Ihnen folgende Zahlungsarten an. Suchen Sie sich einfach die f\u00fcr Sie optimale Zahlart aus. Die in den jeweiligen Angeboten angef\u00fchrten Preise stellen Endpreise dar. Sie beinhalten alle&#8230;<\/p>","protected":false},"author":1,"featured_media":0,"parent":0,"menu_order":0,"comment_status":"closed","ping_status":"closed","template":"","meta":{"footnotes":""},"class_list":["post-788","page","type-page","status-publish","hentry"],"yoast_head":"<!-- This site is optimized with the Yoast SEO plugin v27.2 - https:\/\/yoast.com\/product\/yoast-seo-wordpress\/ -->\n<title>Zahlungsweisen - edition d&#039;Ukra\u00efne<\/title>\n<meta name=\"robots\" content=\"index, follow, max-snippet:-1, max-image-preview:large, max-video-preview:-1\" \/>\n<link rel=\"canonical\" href=\"https:\/\/edition-ukraine.de\/uk\/zahlungsweisen\/\" \/>\n<meta property=\"og:locale\" content=\"uk_UA\" \/>\n<meta property=\"og:type\" content=\"article\" \/>\n<meta property=\"og:title\" content=\"Zahlungsweisen - edition d&#039;Ukra\u00efne\" \/>\n<meta property=\"og:description\" content=\"Zahlungsarten Wir bieten Ihnen folgende Zahlungsarten an. Suchen Sie sich einfach die f\u00fcr Sie optimale Zahlart aus. Die in den jeweiligen Angeboten angef\u00fchrten Preise stellen Endpreise dar. Sie beinhalten alle...\" \/>\n<meta property=\"og:url\" content=\"https:\/\/edition-ukraine.de\/uk\/zahlungsweisen\/\" \/>\n<meta property=\"og:site_name\" content=\"edition d&#039;Ukra\u00efne\" \/>\n<meta property=\"article:modified_time\" content=\"2025-07-01T09:46:11+00:00\" \/>\n<meta name=\"twitter:card\" content=\"summary_large_image\" \/>\n<meta name=\"twitter:label1\" content=\"\u041f\u0440\u0438\u0431\u043b. \u0447\u0430\u0441 \u0447\u0438\u0442\u0430\u043d\u043d\u044f\" \/>\n\t<meta name=\"twitter:data1\" content=\"2 \u0445\u0432\u0438\u043b\u0438\u043d\u0438\" \/>\n<script type=\"application\/ld+json\" class=\"yoast-schema-graph\">{\"@context\":\"https:\/\/schema.org\",\"@graph\":[{\"@type\":\"WebPage\",\"@id\":\"https:\/\/edition-ukraine.de\/zahlungsweisen\/\",\"url\":\"https:\/\/edition-ukraine.de\/zahlungsweisen\/\",\"name\":\"Zahlungsweisen - edition d&#039;Ukra\u00efne\",\"isPartOf\":{\"@id\":\"https:\/\/edition-ukraine.de\/#website\"},\"datePublished\":\"2025-06-30T13:03:29+00:00\",\"dateModified\":\"2025-07-01T09:46:11+00:00\",\"breadcrumb\":{\"@id\":\"https:\/\/edition-ukraine.de\/zahlungsweisen\/#breadcrumb\"},\"inLanguage\":\"uk\",\"potentialAction\":[{\"@type\":\"ReadAction\",\"target\":[\"https:\/\/edition-ukraine.de\/zahlungsweisen\/\"]}]},{\"@type\":\"BreadcrumbList\",\"@id\":\"https:\/\/edition-ukraine.de\/zahlungsweisen\/#breadcrumb\",\"itemListElement\":[{\"@type\":\"ListItem\",\"position\":1,\"name\":\"Startseite\",\"item\":\"https:\/\/edition-ukraine.de\/\"},{\"@type\":\"ListItem\",\"position\":2,\"name\":\"Zahlungsweisen\"}]},{\"@type\":\"WebSite\",\"@id\":\"https:\/\/edition-ukraine.de\/#website\",\"url\":\"https:\/\/edition-ukraine.de\/\",\"name\":\"edition d'Ukra\u00efne\",\"description\":\"Verlag f\u00fcr klassische ukrainische Literatur\",\"potentialAction\":[{\"@type\":\"SearchAction\",\"target\":{\"@type\":\"EntryPoint\",\"urlTemplate\":\"https:\/\/edition-ukraine.de\/?s={search_term_string}\"},\"query-input\":{\"@type\":\"PropertyValueSpecification\",\"valueRequired\":true,\"valueName\":\"search_term_string\"}}],\"inLanguage\":\"uk\"}]}<\/script>\n<!-- \/ Yoast SEO plugin. -->","yoast_head_json":{"title":"Zahlungsweisen - edition d&#039;Ukra\u00efne","robots":{"index":"index","follow":"follow","max-snippet":"max-snippet:-1","max-image-preview":"max-image-preview:large","max-video-preview":"max-video-preview:-1"},"canonical":"https:\/\/edition-ukraine.de\/uk\/zahlungsweisen\/","og_locale":"uk_UA","og_type":"article","og_title":"Zahlungsweisen - edition d&#039;Ukra\u00efne","og_description":"Zahlungsarten Wir bieten Ihnen folgende Zahlungsarten an. Suchen Sie sich einfach die f\u00fcr Sie optimale Zahlart aus. Die in den jeweiligen Angeboten angef\u00fchrten Preise stellen Endpreise dar. Sie beinhalten alle...","og_url":"https:\/\/edition-ukraine.de\/uk\/zahlungsweisen\/","og_site_name":"edition d&#039;Ukra\u00efne","article_modified_time":"2025-07-01T09:46:11+00:00","twitter_card":"summary_large_image","twitter_misc":{"\u041f\u0440\u0438\u0431\u043b. \u0447\u0430\u0441 \u0447\u0438\u0442\u0430\u043d\u043d\u044f":"2 \u0445\u0432\u0438\u043b\u0438\u043d\u0438"},"schema":{"@context":"https:\/\/schema.org","@graph":[{"@type":"WebPage","@id":"https:\/\/edition-ukraine.de\/zahlungsweisen\/","url":"https:\/\/edition-ukraine.de\/zahlungsweisen\/","name":"Zahlungsweisen - edition d&#039;Ukra\u00efne","isPartOf":{"@id":"https:\/\/edition-ukraine.de\/#website"},"datePublished":"2025-06-30T13:03:29+00:00","dateModified":"2025-07-01T09:46:11+00:00","breadcrumb":{"@id":"https:\/\/edition-ukraine.de\/zahlungsweisen\/#breadcrumb"},"inLanguage":"uk","potentialAction":[{"@type":"ReadAction","target":["https:\/\/edition-ukraine.de\/zahlungsweisen\/"]}]},{"@type":"BreadcrumbList","@id":"https:\/\/edition-ukraine.de\/zahlungsweisen\/#breadcrumb","itemListElement":[{"@type":"ListItem","position":1,"name":"Startseite","item":"https:\/\/edition-ukraine.de\/"},{"@type":"ListItem","position":2,"name":"Zahlungsweisen"}]},{"@type":"WebSite","@id":"https:\/\/edition-ukraine.de\/#website","url":"https:\/\/edition-ukraine.de\/","name":"edition d'Ukra\u00efne","description":"Verlag f\u00fcr klassische ukrainische Literatur","potentialAction":[{"@type":"SearchAction","target":{"@type":"EntryPoint","urlTemplate":"https:\/\/edition-ukraine.de\/?s={search_term_string}"},"query-input":{"@type":"PropertyValueSpecification","valueRequired":true,"valueName":"search_term_string"}}],"inLanguage":"uk"}]}},"_links":{"self":[{"href":"https:\/\/edition-ukraine.de\/uk\/wp-json\/wp\/v2\/pages\/788","targetHints":{"allow":["GET"]}}],"collection":[{"href":"https:\/\/edition-ukraine.de\/uk\/wp-json\/wp\/v2\/pages"}],"about":[{"href":"https:\/\/edition-ukraine.de\/uk\/wp-json\/wp\/v2\/types\/page"}],"author":[{"embeddable":true,"href":"https:\/\/edition-ukraine.de\/uk\/wp-json\/wp\/v2\/users\/1"}],"replies":[{"embeddable":true,"href":"https:\/\/edition-ukraine.de\/uk\/wp-json\/wp\/v2\/comments?post=788"}],"version-history":[{"count":2,"href":"https:\/\/edition-ukraine.de\/uk\/wp-json\/wp\/v2\/pages\/788\/revisions"}],"predecessor-version":[{"id":845,"href":"https:\/\/edition-ukraine.de\/uk\/wp-json\/wp\/v2\/pages\/788\/revisions\/845"}],"wp:attachment":[{"href":"https:\/\/edition-ukraine.de\/uk\/wp-json\/wp\/v2\/media?parent=788"}],"curies":[{"name":"wp","href":"https:\/\/api.w.org\/{rel}","templated":true}]}}